{"id":95350,"date":"2025-01-20T18:54:37","date_gmt":"2025-01-20T17:54:37","guid":{"rendered":"https:\/\/k00ckownm5.onrocket.site\/?page_id=95350"},"modified":"2026-04-25T11:18:23","modified_gmt":"2026-04-25T10:18:23","slug":"ein-landerpass","status":"publish","type":"page","link":"https:\/\/everyrail.com\/de\/rail-passes\/interrail\/one-country-pass\/","title":{"rendered":"Interrail One Country Pass"},"content":{"rendered":"<p>Stellen Sie sich vor, Sie steigen in einem kleinen italienischen Dorf, von dem Sie noch nie geh\u00f6rt haben, aus einem Regionalzug aus und wissen, dass Sie jederzeit wieder einsteigen k\u00f6nnen, wenn Sie bereit sind, das n\u00e4chste Ziel zu erkunden. Das ist die Freiheit, die ein <a href=\"https:\/\/everyrail.com\/de\/rail-passes\/interrail\/\">Interrail<\/a> Mit dem One Country Pass k\u00f6nnen Sie unbegrenzt mit dem Zug in einem einzigen europ\u00e4ischen Land reisen, kleinere St\u00e4dte entdecken und Sonnenunterg\u00e4nge in Ihrem eigenen Tempo genie\u00dfen.<\/p>\n<p>Anders als die <a href=\"https:\/\/everyrail.com\/de\/rail-passes\/interrail\/global-pass\/\">Interrail Global Pass<\/a> der 33 europ\u00e4ische L\u00e4nder abdeckt, konzentriert sich der One Country Pass auf ein einziges Land. Sie werden dramatische Landschaften bewundern, k\u00f6stliche Speisen probieren und Ihre Reise nach spontanen Entdeckungen planen, anstatt zwischen weltber\u00fchmten Hauptst\u00e4dten hin und her zu hetzen. F\u00fcr Reisende, die tiefer in die Materie eindringen m\u00f6chten, anstatt nur K\u00e4stchen anzukreuzen, ver\u00e4ndert dieser Ansatz die Art und Weise, wie Sie Europa erleben.<\/p>\n<h2><span class=\"ez-toc-section\" id=\"What_is_the_Interrail_One_Country_Pass\"><\/span>Was ist der Interrail One Country Pass?<span class=\"ez-toc-section-end\"><\/span><\/h2>\n<h3>Zulassungsvoraussetzungen und Pass\u00fcbersicht<\/h3>\n<p>Der One Country Pass beinhaltet unbegrenzte Zugfahrten innerhalb des von Ihnen gew\u00e4hlten europ\u00e4ischen Landes f\u00fcr einen bestimmten Zeitraum. Sie haben die Wahl zwischen 33 L\u00e4ndern, darunter Deutschland, Frankreich, Italien, Spanien und die Schweiz - jedes bietet sein eigenes Bahnnetz und unsere Empfehlung h\u00e4ngt von Ihrem Reisestil ab.<\/p>\n<p>Dieser Pass eignet sich perfekt f\u00fcr Reisende, die ein Land eingehend erkunden m\u00f6chten, anstatt mehrere Ziele zu besuchen. Sie reisen wie ein Einheimischer und haben Zugang zu denselben Reiseklassen und Routen, die die Einwohner t\u00e4glich nutzen. Der Pass deckt Reisezeitr\u00e4ume von 3 Tagen innerhalb eines Monats bis hin zu ununterbrochenen Reisezeitr\u00e4umen ab, so dass Sie Ihre Reisedauer flexibel anpassen k\u00f6nnen.<\/p>\n<p>Hier ist der Unterschied zu anderen Bahnp\u00e4ssen: In Europa ans\u00e4ssige Personen nutzen die Interrail Country Passes, w\u00e4hrend Nicht-Europ\u00e4er die \u00e4hnlichen <a href=\"https:\/\/everyrail.com\/de\/rail-passes\/eurail\/\">Eurail-Pass<\/a> System. Die P\u00e4sse funktionieren identisch, aber die Anspruchsberechtigung h\u00e4ngt von Ihrem Wohnsitzland ab. Beide Systeme erkennen an, dass es manchmal besser ist, sich auf ein einziges Land zu konzentrieren, als den ganzen Kontinent zu bereisen.<\/p>\n<h3>Wesentliche Voraussetzungen f\u00fcr die F\u00f6rderf\u00e4higkeit<\/h3>\n<ul>\n<li>F\u00fcr Interrail-P\u00e4sse m\u00fcssen Sie einen europ\u00e4ischen Wohnsitz haben<\/li>\n<li>G\u00fcltiger Reisepass f\u00fcr alle Passinhaber erforderlich<\/li>\n<li>Mindestens eine Person in Ihrer Gruppe ben\u00f6tigt einen Erwachsenenpass, wenn Sie mit Kindern reisen<\/li>\n<li>Der Pass muss innerhalb von 11 Monaten nach dem Kauf aktiviert werden.<\/li>\n<\/ul>\n<h2><span class=\"ez-toc-section\" id=\"How_the_One_Country_Pass_Works\"><\/span>So funktioniert der One Country Pass<span class=\"ez-toc-section-end\"><\/span><\/h2>\n<h3>Regeln f\u00fcr den Reisetag<\/h3>\n<p>Ihr Reisetag l\u00e4uft von Mitternacht bis 23:59 Uhr Ortszeit in Ihrem gew\u00e4hlten Land. An jedem Reisetag fahren Sie unbegrenzt mit Z\u00fcgen in dem von Ihnen gew\u00e4hlten Land - Sie k\u00f6nnen zwischen Regionalz\u00fcgen, Intercity-Z\u00fcgen und den meisten <a href=\"https:\/\/everyrail.com\/de\/blog\/europe-bullet-train-high-speed-rail-guide\/\">Hochgeschwindigkeitsz\u00fcge<\/a> ohne zus\u00e4tzliche Tickets.<\/p>\n<h3>Ausnahmen f\u00fcr Nachtz\u00fcge<\/h3>\n<p>Nachtz\u00fcge bilden eine Ausnahme von dieser Regel: Wenn Ihr <a href=\"https:\/\/everyrail.com\/de\/blog\/night-trains-europe\/\">Nachtzug<\/a> vor Mitternacht abf\u00e4hrt, gilt dies als Abreisetag f\u00fcr Ihren Pass. Dies bedeutet eine Abfahrt um 23:30 Uhr von <a href=\"https:\/\/everyrail.com\/de\/blog\/paris-to-nice-by-train\/\">Von Paris nach Nizza<\/a> verwendet Ihren aktuellen Reisetag, nicht den von morgen. Planen Sie entsprechend, wenn Ihre Reise mit \u00dcbernachtungen beginnt.<\/p>\n<h3>Zugabdeckung<\/h3>\n<p>Der Pass gilt f\u00fcr lokale, regionale und die meisten nationalen Z\u00fcge innerhalb des Landes. Sie haben Zugang zu allen Z\u00fcgen, die von der wichtigsten nationalen Bahngesellschaft betrieben werden, sowie zu vielen privaten Anbietern, die am System teilnehmen. In der Hochsaison sind die beliebten Z\u00fcge voll, daher ist eine fr\u00fchzeitige Buchung auch bei unbegrenztem Zugang hilfreich.<\/p>\n<h3>Regeln f\u00fcr die t\u00e4gliche Nutzung<\/h3>\n<ul>\n<li>Ein Reisetag = unbegrenzte Fahrten innerhalb dieses Landes<\/li>\n<li>Mobile Pass zeigt automatisch Ihren aktiven Reisetag an<\/li>\n<li>Beim Paper Pass m\u00fcssen Sie vor dem Einsteigen die Reisedaten eingeben<\/li>\n<li>In den meisten Z\u00fcgen k\u00f6nnen Sie direkt einsteigen - zeigen Sie einfach Ihre Fahrkarte vor, wenn das Personal die Fahrkarten kontrolliert.<\/li>\n<\/ul>\n<p><img decoding=\"async\" src=\"https:\/\/everyrail.com\/wp-content\/uploads\/9742b3a8-e677-4d08-b5e1-4d79bc0f88e2.png\" alt=\"Ein moderner Zug f\u00e4hrt auf einer malerischen Bergstrecke in den Alpen, umgeben von dramatischen Landschaften und hoch aufragenden Gipfeln. Diese malerische Strecke ist ideal f\u00fcr alle, die die Sch\u00f6nheit Europas bewundern und mit dem Interrail-Pass unbegrenzt Zug fahren m\u00f6chten.\" title=\"\"><\/p>\n<h2><span class=\"ez-toc-section\" id=\"Available_Countries_and_Duration_Options\"><\/span>Verf\u00fcgbare L\u00e4nder und Laufzeitoptionen<span class=\"ez-toc-section-end\"><\/span><\/h2>\n<h3>L\u00e4nderempfehlungen und Reisedauer<\/h3>\n<p>Sie haben die Wahl zwischen 33 europ\u00e4ischen L\u00e4ndern, die jeweils unterschiedliche Bahnnetze und Zugtypen anbieten. Beliebte Reiseziele wie Deutschland bieten ausgedehnte Netze, die auch kleine D\u00f6rfer erreichen, w\u00e4hrend L\u00e4nder wie die griechischen Inseln sich auf F\u00e4hrverbindungen zwischen Inseln und dem Festland konzentrieren.<\/p>\n<p>F\u00fcr eine flexible Reisedauer sind 3, 4, 5, 6 oder 8 Tage innerhalb eines Monats m\u00f6glich. Alternativ bieten einige L\u00e4nder 15 oder 22 aufeinanderfolgende Tage oder einen Monat ununterbrochenes Reisen f\u00fcr intensive Erkundungen an. Die Option \"Tage innerhalb eines Monats\" eignet sich f\u00fcr die meisten Reisenden am besten - Sie nutzen Ihre Reisetage, wenn Sie sich bewegen m\u00f6chten, und bleiben an Ihren Lieblingszielen, ohne Pass-Tage zu verschwenden.<\/p>\n<table style=\"min-width: 75px;\">\n<colgroup>\n<col style=\"min-width: 25px;\" \/>\n<col style=\"min-width: 25px;\" \/>\n<col style=\"min-width: 25px;\" \/><\/colgroup>\n<tbody>\n<tr>\n<th colspan=\"1\" rowspan=\"1\">Land<\/th>\n<th colspan=\"1\" rowspan=\"1\">Empfohlene Dauer<\/th>\n<th colspan=\"1\" rowspan=\"1\">Am besten f\u00fcr<\/th>\n<\/tr>\n<tr>\n<td colspan=\"1\" rowspan=\"1\">Deutschland<\/td>\n<td colspan=\"1\" rowspan=\"1\">5-8 Tage<\/td>\n<td colspan=\"1\" rowspan=\"1\">Effiziente Z\u00fcge, umfangreiches Netz<\/td>\n<\/tr>\n<tr>\n<td colspan=\"1\" rowspan=\"1\">Italien<\/td>\n<td colspan=\"1\" rowspan=\"1\">4-6 Tage<\/td>\n<td colspan=\"1\" rowspan=\"1\">Hochgeschwindigkeitsverbindungen, unterschiedliche Regionen<\/td>\n<\/tr>\n<tr>\n<td colspan=\"1\" rowspan=\"1\">Spanien<\/td>\n<td colspan=\"1\" rowspan=\"1\">5-8 Tage<\/td>\n<td colspan=\"1\" rowspan=\"1\">Gro\u00dfe Entfernungen, abwechslungsreiche Landschaften<\/td>\n<\/tr>\n<tr>\n<td colspan=\"1\" rowspan=\"1\">Schweiz<\/td>\n<td colspan=\"1\" rowspan=\"1\">3-5 Tage<\/td>\n<td colspan=\"1\" rowspan=\"1\">Bergbahnen, landschaftlich reizvolle Strecken<\/td>\n<\/tr>\n<tr>\n<td colspan=\"1\" rowspan=\"1\">Frankreich<\/td>\n<td colspan=\"1\" rowspan=\"1\">4-6 Tage<\/td>\n<td colspan=\"1\" rowspan=\"1\"><a href=\"https:\/\/everyrail.com\/de\/blog\/tgv-train\/\">TGV<\/a> Netzwerk, Entdeckungen im l\u00e4ndlichen Raum<\/td>\n<\/tr>\n<tr>\n<td colspan=\"1\" rowspan=\"1\">Jedes Land bietet andere Vorteile. Das Schweizer Streckennetz erreicht Bergd\u00f6rfer, die mit dem Auto nicht erreichbar sind, w\u00e4hrend Spaniens Hochgeschwindigkeitsz\u00fcge entfernte Regionen kosteng\u00fcnstig miteinander verbinden. Ber\u00fccksichtigen Sie Ihre Interessen: Feinschmecker w\u00e4hlen oft Italien wegen der kulinarischen Regionen, w\u00e4hrend Landschaftsfotografen die dramatischen Bergstrecken der Schweiz bevorzugen.<\/td>\n<td colspan=\"1\" rowspan=\"1\"><\/td>\n<td colspan=\"1\" rowspan=\"1\"><\/td>\n<\/tr>\n<\/tbody>\n<\/table>\n<h2><span class=\"ez-toc-section\" id=\"Pass_Types_and_Pricing_Structure\"><\/span>Passarten und Preisstruktur<span class=\"ez-toc-section-end\"><\/span><\/h2>\n<h3>P\u00e4sse f\u00fcr Erwachsene, Jugendliche und Senioren<\/h3>\n<p>Der Erwachsenenpass gilt f\u00fcr Reisende ab 28 Jahren zum Standardpreis, wobei die Preise je nach Land und Saison stark variieren. Ein verg\u00fcnstigter Jugendpass deckt die Altersgruppe von 12 bis 27 Jahren ab und bietet eine Ersparnis von ca. 35% - eine betr\u00e4chtliche Ersparnis, die Ihre Reiseplanung beeinflussen kann, wenn Sie nahe an der Altersgrenze sind.<\/p>\n<p>\u00c4ltere Reisende ab 60 Jahren haben in vielen L\u00e4ndern Anspruch auf einen erm\u00e4\u00dfigten Senior Pass, allerdings ist die Verf\u00fcgbarkeit unterschiedlich. Die Ersparnisse sind nicht so dramatisch wie bei Jugendlichen, aber jedes bisschen hilft, wenn Sie eine l\u00e4ngere Reise planen.<\/p>\n<h3>Kinder- und Familienpass Leistungen<\/h3>\n<p>Kinderp\u00e4sse funktionieren anders, als Sie vielleicht erwarten. Kinder im Alter von 4-11 Jahren ben\u00f6tigen einen Kinderpass, reisen aber in Begleitung eines Erwachsenenpassinhabers kostenlos. Der begleitende Erwachsene kann eine beliebige Person \u00fcber 18 Jahre sein, nicht unbedingt ein Familienmitglied - hilfreich bei Gruppenreisen oder wenn die Gro\u00dfeltern mitreisen.<\/p>\n<p><strong>Aufschl\u00fcsselung der Preisstruktur:<\/strong><\/p>\n<ul>\n<li><strong>P\u00e4sse der 2. Klasse:<\/strong> G\u00fcnstigste Option, bequem f\u00fcr Tagesreisen<\/li>\n<li><strong>P\u00e4sse 1. Klasse:<\/strong> Erstklassige Sitze, leisere Fahrzeuge, die bei l\u00e4ngeren Fahrten oft ein Upgrade wert sind<\/li>\n<li><strong>Erm\u00e4\u00dfigungen f\u00fcr Jugendliche:<\/strong> Rund 35% Rabatt auf die Preise f\u00fcr Erwachsene<\/li>\n<li><strong>Erm\u00e4\u00dfigungen f\u00fcr Senioren:<\/strong> Je nach Land unterschiedlich, in der Regel 10-20% Einsparungen<\/li>\n<\/ul>\n<h3>Details zu Reisen f\u00fcr Kinder und Familien<\/h3>\n<p>Kinder unter 4 Jahren reisen v\u00f6llig kostenlos, ohne dass sie einen Pass ben\u00f6tigen - kein Papierkram, keine zus\u00e4tzlichen Kosten, einfach mitnehmen. Das macht Familienreisen im Vergleich zu anderen europ\u00e4ischen Verkehrsmitteln erstaunlich erschwinglich.<\/p>\n<p>Jeder Inhaber eines Erwachsenenpasses kann mit bis zu 2 Kindern mit Kinderpass reisen. Das Erfordernis eines begleitenden Erwachsenen bedeutet, dass mindestens eine Person in Ihrer Gruppe einen Erwachsenenpass besitzen muss, aber diese Person muss kein Elternteil oder Verwandter sein. Diese Flexibilit\u00e4t ist hilfreich, wenn Sie mit den Kindern von Freunden oder in Mehrgenerationen-Gruppen unterwegs sind.<\/p>\n<p>Denken Sie daran, dass Kinder, die einen Kinderpass besitzen, immer in Begleitung eines bestimmten Erwachsenen reisen m\u00fcssen. Wenn sich Ihre Gruppe w\u00e4hrend der Reise aufteilt, m\u00fcssen die Kinder bei dem Erwachsenen bleiben, der sie mit dem Pass begleitet. Planen Sie Ihre Reiseroute entsprechend, wenn gr\u00f6\u00dfere Gruppen verschiedene Ziele erkunden m\u00f6chten.<\/p>\n<p><img decoding=\"async\" src=\"https:\/\/everyrail.com\/wp-content\/uploads\/a7f09872-3d22-4061-8842-2c67e2ed473b.png\" alt=\"Eine Familie mit Gep\u00e4ck geht durch einen modernen Bahnhof in Richtung ihres Bahnsteigs, bereit, eine Reise anzutreten, die mit ihrem Interrail-Pass unbegrenzte Zugfahrten durch Europa beinhalten k\u00f6nnte. Die gesch\u00e4ftige Umgebung spiegelt die Aufregung der Reisenden wider, die ihre Reise zu verschiedenen Zielen planen.\" title=\"\"><\/p>\n<h2><span class=\"ez-toc-section\" id=\"Train_Reservations_and_Boarding_Requirements\"><\/span>Zugreservierungen und Einsteigebedingungen<span class=\"ez-toc-section-end\"><\/span><\/h2>\n<h3>Reservierungsanforderungen nach Zugtyp<\/h3>\n<p>In den meisten Regionalz\u00fcgen k\u00f6nnen Sie mit Ihrer Fahrkarte direkt einsteigen - suchen Sie sich einfach einen Sitzplatz und zeigen Sie Ihre Fahrkarte vor, wenn die Schaffner die Fahrkarten kontrollieren. Dies eignet sich hervorragend f\u00fcr spontane Reisen und die Erkundung kleinerer St\u00e4dte, in denen Regionalz\u00fcge die Gemeinden miteinander verbinden.<\/p>\n<p>In Hochgeschwindigkeitsz\u00fcgen wie dem TGV in Frankreich, dem AVE in Spanien und dem ICE in Deutschland ist eine Sitzplatzreservierung vorgeschrieben. Diese Z\u00fcge lassen Sie ohne einen reservierten Sitzplatz nicht einsteigen, unabh\u00e4ngig von Ihrer Fahrkarte. Beliebte Z\u00fcge sind in der Hochsaison schon Wochen im Voraus ausgebucht, also buchen Sie fr\u00fchzeitig, wenn Ihre Reise von bestimmten Abfahrtszeiten abh\u00e4ngt.<\/p>\n<p>Grenz\u00fcberschreitende Z\u00fcge m\u00fcssen im Voraus reserviert werden, selbst mit einem One Country Pass, obwohl dies nur selten der Fall ist, da Ihr Pass nur f\u00fcr das von Ihnen gew\u00e4hlte Land gilt. Nachtz\u00fcge erfordern sowohl eine Reservierung als auch eventuelle Zuschl\u00e4ge - diese komfortablen Schlafwagen rechtfertigen die zus\u00e4tzlichen Kosten f\u00fcr Nachtzugstrecken.<\/p>\n<p><strong>Reservierungsanforderungen nach Zugtyp:<\/strong><\/p>\n<ul>\n<li><strong>Regionalz\u00fcge:<\/strong> Keine Reservierung erforderlich, direkt einsteigen<\/li>\n<li><strong>Hochgeschwindigkeitsz\u00fcge:<\/strong> Reservierung obligatorisch, Geb\u00fchren 4-15 \u20ac.<\/li>\n<li><strong>Nachtz\u00fcge:<\/strong> Reservierung erforderlich, Zuschl\u00e4ge 15-35 \u20ac.<\/li>\n<li><strong>Beliebte Z\u00fcge:<\/strong> Buchen Sie in den Sto\u00dfzeiten fr\u00fchzeitig, um Entt\u00e4uschungen zu vermeiden.<\/li>\n<\/ul>\n<h3>Sitzplatz-Reservierung<\/h3>\n<p>Am bequemsten ist es, Reservierungen online \u00fcber die Interrail-Website oder die mobile App zu buchen. Das System zeigt verf\u00fcgbare Z\u00fcge und Preise an und l\u00e4sst Sie, wenn m\u00f6glich, bestimmte Pl\u00e4tze ausw\u00e4hlen. Die Zahlungsbest\u00e4tigung erhalten Sie per E-Mail, und die digitalen Tickets werden direkt auf Ihren Mobile Pass geladen.<\/p>\n<p>Bahnh\u00f6fe bieten Reservierungsdienste bis zur Abfahrtszeit an, obwohl beliebte Strecken bereits vor dem Reisetag ausverkauft sind. Die Buchung am Bahnhof eignet sich gut f\u00fcr \u00c4nderungen in letzter Minute, aber in der Hochsaison besteht die Gefahr, dass die Verf\u00fcgbarkeit eingeschr\u00e4nkt ist. In einigen Z\u00fcgen gibt es Kontingente f\u00fcr Passinhaber, d. h. es kann sein, dass Sitze f\u00fcr Ticketk\u00e4ufer, aber nicht f\u00fcr Passinhaber verf\u00fcgbar sind.<\/p>\n<p>Die <a href=\"https:\/\/everyrail.com\/de\/rail-passes\/interrail\/seat-reservations\/\">Interrail-Reservierung<\/a> Service erhebt geringe Buchungsgeb\u00fchren, hat aber mit der Komplexit\u00e4t der verschiedenen nationalen Systeme zu k\u00e4mpfen. Alternativ k\u00f6nnen Sie auch direkt bei den nationalen Bahngesellschaften buchen, um Geb\u00fchren zu vermeiden. Allerdings unterscheiden sich deren Websites hinsichtlich der Unterst\u00fctzung der englischen Sprache und der Akzeptanz ausl\u00e4ndischer Karten.<\/p>\n<p><strong>Buchungsstrategien:<\/strong><\/p>\n<ul>\n<li><strong>Online-Reservierung:<\/strong> Bequem, zeigt alle Optionen, geringe Geb\u00fchren<\/li>\n<li><strong>Bahnhofsbuchung:<\/strong> Keine Geb\u00fchren, begrenzt auf den verf\u00fcgbaren Bestand<\/li>\n<li><strong>Nationale Eisenbahnstandorte:<\/strong> Direktbuchung, Sprachbarrieren m\u00f6glich<\/li>\n<li><strong>Fr\u00fchzeitige Planung:<\/strong> Unerl\u00e4sslich f\u00fcr Nachtz\u00fcge und Reisen in der Hochsaison<\/li>\n<\/ul>\n<h2><span class=\"ez-toc-section\" id=\"Required_Documents_and_Travel_Preparation\"><\/span>Erforderliche Dokumente und Reisevorbereitung<span class=\"ez-toc-section-end\"><\/span><\/h2>\n<h3>Erforderliche Dokumente<\/h3>\n<p>Ihr g\u00fcltiger Reisepass ist das wichtigste Dokument f\u00fcr alle Passinhaber. Das Zugpersonal gleicht die P\u00e4sse regelm\u00e4\u00dfig mit den Reisep\u00e4ssen ab, und die Grenzkontrollen in Europa \u00fcberpr\u00fcfen die Dokumente gelegentlich auch bei offenen Grenzen. Halten Sie beide Dokumente w\u00e4hrend der Reise leicht zug\u00e4nglich.<\/p>\n<p>EU-B\u00fcrger ben\u00f6tigen f\u00fcr den Kauf von Interrail-P\u00e4ssen einen Nachweis \u00fcber ihren europ\u00e4ischen Wohnsitz. Dies bedeutet in der Regel eine Stromrechnung, einen Mietvertrag oder eine offizielle Adressbest\u00e4tigung aus Ihrem Heimatland. Diese Anforderung verhindert, dass Nicht-Europ\u00e4er den f\u00fcr Einheimische vorgesehenen Preis f\u00fcr europ\u00e4ische Einwohner in Anspruch nehmen k\u00f6nnen.<\/p>\n<h3>Tipps zur Passaktivierung und Vorbereitung<\/h3>\n<p>Die Aktivierung des Passes erfolgt vor Ihrer ersten Reise, entweder an Bahnh\u00f6fen oder \u00fcber die Mobile App. F\u00fcr die Aktivierung am Bahnhof ben\u00f6tigen Sie Ihren Reisepass und Ihren Pass, w\u00e4hrend der Mobile Pass \u00fcber die App mit Fotoverifizierung aktiviert wird. Digitale P\u00e4sse funktionieren \u00fcber die Rail Planner-App, die Ihre aktiven Reisetage und Reiseinformationen anzeigt.<\/p>\n<p><strong>Checkliste f\u00fcr die Vorbereitung:<\/strong><\/p>\n<ul>\n<li>G\u00fcltiger Reisepass (mindestens 6 Monate Restlaufzeit empfohlen)<\/li>\n<li>Nachweis des europ\u00e4ischen Wohnsitzes (nur f\u00fcr EU-B\u00fcrger)<\/li>\n<li>Rail Planner App f\u00fcr Mobile Passes heruntergeladen<\/li>\n<li>Sicherungskopien der Ausweisinformationen und der Zahlungsbest\u00e4tigung auf Papier<\/li>\n<li>Kontaktinformationen f\u00fcr den Notfall, um bei Bedarf einen Ersatzausweis zu erhalten<\/li>\n<\/ul>\n<p>Traditionelle Reisende k\u00f6nnen sich immer noch f\u00fcr einen Papierausweis entscheiden, die meisten bevorzugen jedoch den Komfort von Mobile Passes. Papierausweise erfordern eine sorgf\u00e4ltige Handhabung - Besch\u00e4digung oder Verlust bedeuten komplizierte Ersatzverfahren. Das klassische Passformat spricht Sammler und diejenigen an, die greifbare Tickets bevorzugen, aber der Mobile Pass bietet mehr Komfort f\u00fcr modernes Reisen.<\/p>\n<h2><span class=\"ez-toc-section\" id=\"Benefits_of_Choosing_a_One_Country_Pass\"><\/span>Vorteile der Wahl eines One Country Passes<span class=\"ez-toc-section-end\"><\/span><\/h2>\n<h3>Vorteile des One Country Pass<\/h3>\n<p>Reisen Sie wie ein Einheimischer mit unbegrenztem Zugang zu inl\u00e4ndischen Zugnetzen, die jeden Winkel des von Ihnen gew\u00e4hlten Landes verbinden. Sie werden versteckte Juwelen und kleinere St\u00e4dte jenseits der gro\u00dfen touristischen Ziele entdecken, indem Sie regionalen Zuglinien folgen, die Tourbusse nie erreichen. Durch diese Tiefe des Zugangs wird aus oberfl\u00e4chlichem Sightseeing ein echtes Eintauchen in die Kultur.<\/p>\n<p>Der One Country Pass erweist sich als kosteng\u00fcnstiger als ein Global Pass f\u00fcr die Erkundung eines einzelnen Landes. Anstatt f\u00fcr den Zugang zu mehreren L\u00e4ndern zu bezahlen, die Sie nicht nutzen werden, investieren Sie in die gr\u00fcndliche Erkundung Ihres gew\u00e4hlten Reiseziels. Rechnen Sie sich die Ersparnis aus: Ein deutscher Pass kostet deutlich weniger als ein Global Pass und bietet dennoch vollst\u00e4ndigen Zugang zu einem der umfangreichsten Eisenbahnnetze Europas.<\/p>\n<p>Flexible \u00c4nderungen der Reiseroute sind m\u00f6glich, ohne dass Sie einzelne Tickets umbuchen oder Geld f\u00fcr nicht genutzte Reservierungen verlieren m\u00fcssen. Sie m\u00f6chten einen Tag l\u00e4nger in dem charmanten Dorf bleiben? Ihr Pass passt sich an. Sie m\u00f6chten einen fr\u00fcheren Zug nehmen? Einfach einsteigen und losfahren. Diese Flexibilit\u00e4t reduziert den Reisestress und erm\u00f6glicht spontane Entdeckungen, die die besten Reiseerinnerungen schaffen.<\/p>\n<h3>Kultureller und \u00f6kologischer Nutzen<\/h3>\n<p>Ein l\u00e4ngerer Aufenthalt in einem Land eignet sich hervorragend zum Erlernen von Sprachen und zum Eintauchen in die Kultur und erm\u00f6glicht es Ihnen, \u00fcber touristische Interaktionen hinauszugehen. Sie \u00fcben die Landessprache, verstehen die regionalen Unterschiede und entwickeln echte Verbindungen zu den Orten, anstatt Passstempel zu sammeln. Dieser Ansatz eignet sich f\u00fcr Reisende, die bei ihren europ\u00e4ischen Abenteuern mehr Wert auf Tiefe als auf Breite legen.<\/p>\n<p>Ein weiterer Vorteil ist die Umweltfreundlichkeit: Z\u00fcge verursachen deutlich weniger Kohlendioxidemissionen als Fl\u00fcge oder Mietwagen. Ihr One Country Pass unterst\u00fctzt nachhaltiges Reisen und bietet im Vergleich zu anderen Verkehrsmitteln mehr Komfort und Bequemlichkeit.<\/p>\n<h3>Tipps zur Reiseplanung<\/h3>\n<p>Wenn Sie Ihre Reise mit einem One Country Pass planen, m\u00fcssen Sie anders denken als bei einer Reise durch mehrere L\u00e4nder. Konzentrieren Sie sich auf Regionen statt auf St\u00e4dte, planen Sie Zeit f\u00fcr zuf\u00e4llige Entdeckungen ein, und buchen Sie Unterk\u00fcnfte mit flexiblen Stornierungsbedingungen. Der Pass belohnt langsames Reisen und bestraft \u00fcbereilte Reiserouten.<\/p>\n<p>Beginnen Sie mit der Planung, indem Sie Ihr Land nach Ihren Interessen und nicht nach Bequemlichkeit ausw\u00e4hlen. Bergfreunde zieht es in die Schweiz oder nach \u00d6sterreich, Feinschmecker w\u00e4hlen Italien oder Frankreich und Geschichtsinteressierte entscheiden sich oft f\u00fcr Deutschland oder das Vereinigte K\u00f6nigreich. Die Wahl des Landes pr\u00e4gt Ihr gesamtes Erlebnis mehr als bestimmte St\u00e4dte oder Sehensw\u00fcrdigkeiten.<\/p>\n<p>Informieren Sie sich vor dem Kauf \u00fcber die Zugtypen und die Reservierungsanforderungen in dem von Ihnen gew\u00e4hlten Land. Einige Netze legen den Schwerpunkt auf Regionalz\u00fcge mit minimaler Reservierung, w\u00e4hrend andere stark auf Hochgeschwindigkeitsz\u00fcge setzen, die im Voraus gebucht werden m\u00fcssen. Wenn Sie diese Muster kennen, k\u00f6nnen Sie Zeit und Geld f\u00fcr eine m\u00f6glichst reibungslose Reise einplanen.<\/p>\n<p>Der Interrail One Country Pass erm\u00f6glicht eine gezielte Erkundung, die das oberfl\u00e4chliche Reisen auf dem Kontinent jedes Mal \u00fcbertrifft. W\u00e4hlen Sie Ihr Land, laden Sie die App herunter und entdecken Sie, warum erfahrene Europareisende bei ihren Bahnabenteuern zunehmend die Tiefe der Strecke vorziehen.<\/p>","protected":false},"excerpt":{"rendered":"Discover how the Interrail One Country Pass can simplify your travel plans. Get tips, insights, and essential information to explore with ease.","protected":false},"author":1,"featured_media":194758,"parent":135149,"menu_order":0,"comment_status":"closed","ping_status":"closed","template":"","meta":{"_acf_changed":false,"ilj_linkdefinition":["Interrail one country","Interrail One Country Pass","single country pass","Interrail travel days","one country Interrail"],"csco_display_header_overlay":false,"csco_singular_sidebar":"","csco_page_header_type":"","footnotes":""},"class_list":{"0":"post-95350","1":"page","2":"type-page","3":"status-publish","4":"has-post-thumbnail","6":"cs-entry"},"acf":{"reseller_list":"","operator_list":"","destination_country":"","summary":"","related_destinations":"","dynamic_map":"","show_related_destinations":false,"faq_items":[{"question":"What is the Interrail One Country Pass?","answer":"The Interrail One Country Pass provides unlimited train travel within a single European country for a specified period. Unlike the Global Pass covering 33 countries, it focuses your journey on one nation. You can choose from 33 available countries."},{"question":"Can children travel free with an Interrail One Country Pass?","answer":"Yes. Children can travel free without needing any pass \u2014 no paperwork, no additional cost \u2014 simply travelling alongside the adult pass holder."},{"question":"How many children can travel with one Adult Pass holder?","answer":"Each Adult Pass holder can travel with up to 2 children with Child Passes."},{"question":"Does the accompanying adult need to be a parent or relative of the child?","answer":"No. At least one person in the group must hold an Adult Pass, but that person does not need to be a parent or relative. This flexibility helps when travelling with friends' children or in multi-generational groups."},{"question":"Can regional trains be boarded without a reservation using the One Country Pass?","answer":"Yes. Most regional trains allow direct boarding with your pass \u2014 just find a seat and show your pass when conductors check tickets."}]},"_links":{"self":[{"href":"https:\/\/everyrail.com\/de\/wp-json\/wp\/v2\/pages\/95350","targetHints":{"allow":["GET"]}}],"collection":[{"href":"https:\/\/everyrail.com\/de\/wp-json\/wp\/v2\/pages"}],"about":[{"href":"https:\/\/everyrail.com\/de\/wp-json\/wp\/v2\/types\/page"}],"author":[{"embeddable":true,"href":"https:\/\/everyrail.com\/de\/wp-json\/wp\/v2\/users\/1"}],"replies":[{"embeddable":true,"href":"https:\/\/everyrail.com\/de\/wp-json\/wp\/v2\/comments?post=95350"}],"version-history":[{"count":9,"href":"https:\/\/everyrail.com\/de\/wp-json\/wp\/v2\/pages\/95350\/revisions"}],"predecessor-version":[{"id":195040,"href":"https:\/\/everyrail.com\/de\/wp-json\/wp\/v2\/pages\/95350\/revisions\/195040"}],"up":[{"embeddable":true,"href":"https:\/\/everyrail.com\/de\/wp-json\/wp\/v2\/pages\/135149"}],"wp:featuredmedia":[{"embeddable":true,"href":"https:\/\/everyrail.com\/de\/wp-json\/wp\/v2\/media\/194758"}],"wp:attachment":[{"href":"https:\/\/everyrail.com\/de\/wp-json\/wp\/v2\/media?parent=95350"}],"curies":[{"name":"wp","href":"https:\/\/api.w.org\/{rel}","templated":true}]}}