{"id":44110,"date":"2023-08-27T15:40:36","date_gmt":"2023-08-27T15:40:36","guid":{"rendered":"https:\/\/k00ckownm5.onrocket.site\/?page_id=44110"},"modified":"2025-11-07T10:34:39","modified_gmt":"2025-11-07T09:34:39","slug":"datenschutz","status":"publish","type":"page","link":"https:\/\/everyrail.com\/de\/privacy\/","title":{"rendered":"Datenschutz und Cookie-Richtlinie"},"content":{"rendered":"<p>Diese Datenschutz- und Cookie-Richtlinie erkl\u00e4rt, wie EveryRail.com, ein von Green Company O\u00dc betriebener Dienst, mit Informationen \u00fcber die Besucher unserer Website umgeht. Wir respektieren die Privatsph\u00e4re und verpflichten uns zur Einhaltung der Datenschutzgesetze der Europ\u00e4ischen Union, einschlie\u00dflich der Allgemeinen Datenschutzverordnung (GDPR).<\/p>\n\n\n\n<p>Wir haben EveryRail so konzipiert, dass m\u00f6glichst wenig Daten gesammelt werden. Wir m\u00f6chten nicht wissen, wer Sie sind, und wir ergreifen Ma\u00dfnahmen, um sicherzustellen, dass wir niemals Daten speichern, die dazu verwendet werden k\u00f6nnen, Sie zu identifizieren.<\/p>\n\n\n\n<ol class=\"wp-block-list\">\n<li><strong>Wer wir sind<\/strong><\/li>\n<\/ol>\n\n\n\n<p>Website:\u00a0<a href=\"https:\/\/everyrail.com\/de\/\">EveryRail.de<\/a><br>Firmenname: EveryRail (t\u00e4tig als)<br>Juristische Person: Green Company O\u00dc (eingetragen in Estland, EU)<\/p>\n\n\n\n<p>Green Company O\u00dc verpflichtet sich zum Datenschutz und zur vollst\u00e4ndigen Einhaltung der GDPR.<\/p>\n\n\n\n<ol start=\"2\" class=\"wp-block-list\">\n<li><strong>Welche pers\u00f6nlichen Daten wir sammeln<\/strong><\/li>\n<\/ol>\n\n\n\n<p>Wir sammeln, speichern oder verarbeiten keine pers\u00f6nlich identifizierbaren Informationen (PII).<\/p>\n\n\n\n<p>Keine Konten.<br>Keine Anmeldung.<br>Keine Kontaktformulare.<br>Kein Remarketing, Profiling oder gezielte Werbung.<br>Keine Tracker von Drittanbietern.<br>Keine Google Analytics, Google Fonts oder eingebettete Tools f\u00fcr soziale Medien.<\/p>\n\n\n\n<p>Sie k\u00f6nnen unsere Website besuchen, ohne sich in irgendeiner Weise zu identifizieren.<\/p>\n\n\n\n<ol start=\"3\" class=\"wp-block-list\">\n<li><strong>Messung der Website (anonyme Analytik)<\/strong><\/li>\n<\/ol>\n\n\n\n<p>Wir verwenden datenschutzfreundliche Messinstrumente, um allgemeine Verkehrsmuster auf EveryRail zu verstehen, ohne sich auf Cookies oder dauerhafte Identifikatoren zu verlassen.<\/p>\n\n\n\n<p>Die gesammelten Daten werden aggregiert und anonymisiert. Wir speichern niemals Daten, die einen einzelnen Besucher identifizieren k\u00f6nnten.<\/p>\n\n\n\n<p>Zu den verarbeiteten Informationen k\u00f6nnen geh\u00f6ren:<\/p>\n\n\n\n<p>- URLs von Seiten, die aufgerufen werden<br>- Referrer URLs (woher der Verkehr kommt)<br>- Browser und Ger\u00e4tetyp (\u00fcber den Benutzeragenten)<br>- Standort auf L\u00e4nder- und Stadtebene (basierend auf IP)<br>- Browser-Sprache<br>- Grundlegende Interaktionsereignisse wie Seitenaufrufe oder Linkklicks<\/p>\n\n\n\n<p><strong>Wie die Anonymit\u00e4t durchgesetzt wird:<\/strong><\/p>\n\n\n\n<p>- IP-Adressen werden nur kurzzeitig verwendet, um einen ungef\u00e4hren Standort zu bestimmen, und dann verworfen.<br>- Keine granulare Verfolgung \u00fcber den Standort auf Stadtebene hinaus<br>- T\u00e4gliches Hashing stellt sicher, dass es nicht m\u00f6glich ist, Aktivit\u00e4ten \u00fcber verschiedene Tage, Ger\u00e4te oder Websites hinweg zu verkn\u00fcpfen.<br>- Keine Verfolgung von Einzelpersonen \u00fcber Sitzungen, Ger\u00e4te oder das gesamte Internet hinweg<\/p>\n\n\n\n<p>So k\u00f6nnen wir die t\u00e4glichen Besucherzahlen berechnen und die Website verbessern, ohne dass eine einzelne Person identifiziert werden kann.<\/p>\n\n\n\n<ol start=\"4\" class=\"wp-block-list\">\n<li><strong>Cookies<\/strong><\/li>\n<\/ol>\n\n\n\n<p>Wir verwenden nur:<\/p>\n\n\n\n<p><strong>Wesentliche Cookies:<\/strong> F\u00fcr die Funktionalit\u00e4t der Website erforderlich<br><strong>Anonyme Leistungs-Cookies: <\/strong>Wird nur verwendet, um die Benutzerfreundlichkeit und Leistung der Website zu verstehen.<\/p>\n\n\n\n<p>Wir verwenden keine Cookies f\u00fcr Werbung, Personalisierung oder irgendeine Form des Trackings.<\/p>\n\n\n\n<ol start=\"5\" class=\"wp-block-list\">\n<li><strong>Rechtsgrundlage f\u00fcr die Verarbeitung<\/strong><\/li>\n<\/ol>\n\n\n\n<p>Da wir keine personenbezogenen Daten verarbeiten, finden die meisten GDPR-Rechtsgrundlagen keine Anwendung. F\u00fcr wesentliche und anonyme Leistungs-Cookies ist unsere Rechtsgrundlage unser berechtigtes Interesse (Artikel 6 Absatz 1 Buchstabe f DSGVO) am Betrieb und der Verbesserung unserer Website.<\/p>\n\n\n\n<ol start=\"6\" class=\"wp-block-list\">\n<li><strong>Dienste von Dritten<\/strong><\/li>\n<\/ol>\n\n\n\n<p>Wir verkaufen, vermieten oder geben Daten nicht an Dritte weiter.<br>Wir verwenden keine Werbenetzwerke oder Dienste zur Verhaltensanalyse.<\/p>\n\n\n\n<ol start=\"7\" class=\"wp-block-list\">\n<li><strong>Ihre Rechte nach GDPR<\/strong><\/li>\n<\/ol>\n\n\n\n<p>Da wir keine personenbezogenen Daten verarbeiten, gelten die Rechte der betroffenen Personen nach der DSGVO im Allgemeinen nicht. Wenn Sie dennoch Fragen dazu haben, wie wir die Privatsph\u00e4re sch\u00fctzen, wenden Sie sich bitte an uns.<\/p>\n\n\n\n<ol start=\"8\" class=\"wp-block-list\">\n<li><strong>Sicherheit der Daten<\/strong><\/li>\n<\/ol>\n\n\n\n<p>Auch ohne personenbezogene Daten sichern wir den gesamten Website-Verkehr durch branchen\u00fcbliche Sicherheitsverfahren, um die Integrit\u00e4t zu sch\u00fctzen und Missbrauch zu verhindern.<\/p>\n\n\n\n<ol start=\"9\" class=\"wp-block-list\">\n<li><strong>Internationale \u00dcberweisungen<\/strong><\/li>\n<\/ol>\n\n\n\n<p>Wir \u00fcbermitteln keine personenbezogenen Daten au\u00dferhalb der EU\/EWR, da wir keinerlei personenbezogene Daten erheben oder speichern.<\/p>\n\n\n\n<ol start=\"10\" class=\"wp-block-list\">\n<li><strong>Aktualisierungen dieser Politik<\/strong><\/li>\n<\/ol>\n\n\n\n<p>Wir behalten uns vor, diese Richtlinie zu aktualisieren, um \u00c4nderungen unserer Praktiken oder rechtlichen Anforderungen Rechnung zu tragen. Das \u201cDatum des Inkrafttretens\u201d zeigt immer die neueste Version an.<\/p>\n\n\n\n<ol start=\"11\" class=\"wp-block-list\">\n<li><strong>Kontakt<\/strong><\/li>\n<\/ol>\n\n\n\n<p>Wenn Sie Fragen zu dieser Richtlinie oder zu Ihrem Datenschutz bei der Nutzung von EveryRail haben, k\u00f6nnen Sie sich an uns wenden:<\/p>\n\n\n\n<p>Gr\u00fcne Gesellschaft O\u00dc<br>Tallinn, Estland<br>E-Mail:\u00a0<a href=\"mailto:privacy@everyrail.com\">privacy@everyrail.com<\/a><\/p>","protected":false},"excerpt":{"rendered":"This Privacy and Cookie Policy explains how EveryRail.com, a service operated by Green Company O\u00dc, handles information related&hellip;","protected":false},"author":1,"featured_media":131731,"parent":0,"menu_order":0,"comment_status":"closed","ping_status":"closed","template":"","meta":{"_acf_changed":false,"ilj_linkdefinition":[],"csco_display_header_overlay":false,"csco_singular_sidebar":"","csco_page_header_type":"","footnotes":""},"class_list":{"0":"post-44110","1":"page","2":"type-page","3":"status-publish","4":"has-post-thumbnail","6":"cs-entry"},"acf":{"reseller_list":null,"operator_list":null,"destination_country":null,"summary":"","related_destinations":null,"dynamic_map":"","show_related_destinations":false,"faq_items":null},"_links":{"self":[{"href":"https:\/\/everyrail.com\/de\/wp-json\/wp\/v2\/pages\/44110","targetHints":{"allow":["GET"]}}],"collection":[{"href":"https:\/\/everyrail.com\/de\/wp-json\/wp\/v2\/pages"}],"about":[{"href":"https:\/\/everyrail.com\/de\/wp-json\/wp\/v2\/types\/page"}],"author":[{"embeddable":true,"href":"https:\/\/everyrail.com\/de\/wp-json\/wp\/v2\/users\/1"}],"replies":[{"embeddable":true,"href":"https:\/\/everyrail.com\/de\/wp-json\/wp\/v2\/comments?post=44110"}],"version-history":[{"count":6,"href":"https:\/\/everyrail.com\/de\/wp-json\/wp\/v2\/pages\/44110\/revisions"}],"predecessor-version":[{"id":135809,"href":"https:\/\/everyrail.com\/de\/wp-json\/wp\/v2\/pages\/44110\/revisions\/135809"}],"wp:featuredmedia":[{"embeddable":true,"href":"https:\/\/everyrail.com\/de\/wp-json\/wp\/v2\/media\/131731"}],"wp:attachment":[{"href":"https:\/\/everyrail.com\/de\/wp-json\/wp\/v2\/media?parent=44110"}],"curies":[{"name":"wp","href":"https:\/\/api.w.org\/{rel}","templated":true}]}}